{"id":5031,"date":"2023-06-01T16:26:48","date_gmt":"2023-06-01T16:26:48","guid":{"rendered":"https:\/\/yacasiestalista.com\/tecnigras\/?page_id=5031"},"modified":"2023-06-01T16:30:30","modified_gmt":"2023-06-01T16:30:30","slug":"declaracion-de-accesibilidad","status":"publish","type":"page","link":"https:\/\/tecnigras.com\/index.php\/declaracion-de-accesibilidad\/","title":{"rendered":"Declaraci\u00f3n de Accesibilidad"},"content":{"rendered":"\n<p><strong>Declaraci\u00f3n de accesibilidad<\/strong><\/p>\n\n\n\n<p><strong>Tecnigras Extracciones S.L<\/strong> se ha comprometido a hacer accesible su sitio web, de conformidad con el Real Decreto 1112\/2018, de 7 de septiembre, sobre accesibilidad de los sitios web y aplicaciones para dispositivos m\u00f3viles del sector p\u00fablico.<br>La presente declaraci\u00f3n de accesibilidad se aplica a el sitio web https:\/\/dominio.com<\/p>\n\n\n\n<p><strong>Situaci\u00f3n de cumplimiento<\/strong><\/p>\n\n\n\n<p>Este sitio web es parcialmente conforme con el RD 1112\/2018, debido a las excepciones y a la falta de conformidad de los aspectos que se indican a continuaci\u00f3n.<\/p>\n\n\n\n<p><strong>Contenido no accesible<\/strong><\/p>\n\n\n\n<p>El contenido que se recoge a continuaci\u00f3n no es accesible por lo siguiente:<\/p>\n\n\n\n<ol class=\"wp-block-list\">\n<li><strong>Falta de conformidad con<\/strong>:<\/li>\n<\/ol>\n\n\n\n<p><strong>UNE 9.1.4.3 Contraste (m\u00ednimo)<\/strong>&nbsp;La presentaci\u00f3n visual de texto e im\u00e1genes de texto tiene una relaci\u00f3n de contraste de al menos 4,5:1.<\/p>\n\n\n\n<p><strong>UNE 9.1.4.11 Contraste no textual:<\/strong>&nbsp;La presentaci\u00f3n visual de los elementos puede no tener un contraste del menos 3:1 con los colores adyacentes.<\/p>\n\n\n\n<p><strong>UNE 9.1.4.12 Espaciado del texto<\/strong>. En el contenido implementado usando lenguajes de marcado que soportan las siguientes propiedades de estilo de texto, no se produce ninguna p\u00e9rdida de contenido o funcionalidad al configurar todo lo siguiente y al no cambiar ninguna otra propiedad de estilo:<\/p>\n\n\n\n<p>\u2013 Altura de l\u00ednea (espaciado de l\u00ednea) de al menos 1,5 veces el tama\u00f1o de la fuente;<\/p>\n\n\n\n<p>\u2013 Espaciando los p\u00e1rrafos siguientes a por lo menos 2 veces el tama\u00f1o de la fuente;<\/p>\n\n\n\n<p>\u2013 Espaciado de letras (rastreo) a por lo menos 0.12 veces el tama\u00f1o de la fuente;<\/p>\n\n\n\n<p>\u2013 Espacio entre palabras de al menos 0.16 veces el tama\u00f1o de la fuente.<\/p>\n\n\n\n<p><strong>UNE 9.6 Requisitos de conformidad de las Pautas WCAG<\/strong>. Se deben satisfacer, en el nivel AA, los cinco requisitos de conformidad de las Pautas WCAG 2.1 siguientes [5]:<\/p>\n\n\n\n<p>1) nivel de conformidad;<\/p>\n\n\n\n<p>2) p\u00e1ginas completas;<\/p>\n\n\n\n<p>3) procesos completos;<\/p>\n\n\n\n<p>4) uso de tecnolog\u00edas exclusivamente seg\u00fan m\u00e9todos que sean compatibles con la accesibilidad;<\/p>\n\n\n\n<p>5) sin interferencia.<\/p>\n\n\n\n<p><strong>UNE 11.7 Preferencias de usuario<\/strong>. Cuando el software que no est\u00e1 dise\u00f1ado para aislarse de su plataforma proporcione una interfaz de usuario, esa interfaz de usuario debe seguir los valores de las preferencias del usuario con respecto a unidades de medida, color, contraste, tipo de letra, cuerpo de letra y cursor del foco de la plataforma, salvo que el usuario los anule..<\/p>\n\n\n\n<p><strong>UNE 11.8.1 Tecnolog\u00eda de gesti\u00f3n de contenidos<\/strong>. En la medida en que la informaci\u00f3n necesaria para la accesibilidad sea compatible con el formato que se utiliza para la salida de la herramienta de autor.<\/p>\n\n\n\n<p><strong>UNE 11.8.2 Creaci\u00f3n de contenidos accesibles<\/strong>. las herramientas de autor deben permitir y guiar la producci\u00f3n de contenidos conforme a los cap\u00edtulos 9 (p\u00e1ginas web) o 10 (para documento no web) (es decir, el nivel AA de las WCAG 2.1).<\/p>\n\n\n\n<p><strong>UNE 11.8.3 Preservaci\u00f3n de la informaci\u00f3n de accesibilidad durante las transformaciones<\/strong>. Si la herramienta de autor proporciona transformaciones de reestructuraci\u00f3n o de recodificaci\u00f3n y si en la tecnolog\u00eda de gesti\u00f3n de contenidos de la salida existen mecanismos equivalentes, entonces la informaci\u00f3n de accesibilidad debe preservarse en la salida.<\/p>\n\n\n\n<p><strong>UNE 11.8.4 Servicio de reparaci\u00f3n<\/strong>. Si la funcionalidad de verificaci\u00f3n de la accesibilidad de una herramienta de autor puede detectar si el contenido no cumple un requisito de los cap\u00edtulos 9 (Web) o 10 (Documentos no web), seg\u00fan proceda, entonces la herramienta de autor debe proporcionar una(s) sugerencia(s) para su reparaci\u00f3n.<\/p>\n\n\n\n<p><strong>UNE 11.8.5 Plantillas<\/strong>. Si una herramienta de autor proporciona plantillas, debe estar disponible e identificada como tal por lo menos una plantilla que sea compatible con la creaci\u00f3n de contenido conforme a los requisitos de los cap\u00edtulos 9 (Web) o 10 (Documentos no web), seg\u00fan proceda..<\/p>\n\n\n\n<p><strong>UNE 12.2.2 Comunicaci\u00f3n efectiva<\/strong>. &nbsp;los servicios de soporte deben proporcionar informaci\u00f3n sobre las caracter\u00edsticas de accesibilidad y compatibilidad que se incluyen en la documentaci\u00f3n del producto (como funciones de accesibilidad incorporadas y funciones de accesibilidad que brindan compatibilidad con los productos de apoyo).<\/p>\n\n\n\n<p><strong>UNE 12.2.3 Comunicaci\u00f3n efectiva<\/strong>. Los servicios de apoyo para las TIC deben adaptarse a las necesidades de comunicaci\u00f3n de las personas con discapacidad, ya sea directamente o a trav\u00e9s de un punto de derivaci\u00f3n.<\/p>\n\n\n\n<p><strong>UNE 12.2.4 Documentaci\u00f3n accesible<\/strong>. La documentaci\u00f3n suministrada por los servicios de apoyo debe proporcionarse en al menos uno de los formatos electr\u00f3nicos siguientes:<\/p>\n\n\n\n<ol class=\"wp-block-list\">\n<li>a) un formato web que est\u00e9 conforme con los requisitos.<\/li>\n\n\n\n<li>b) un formato no web que est\u00e9 conforme con los requisitos.<\/li>\n\n\n\n<li><strong>Carga desproporcionada<\/strong>. NO APLICA<\/li>\n<\/ol>\n\n\n\n<p><strong>Preparaci\u00f3n de la presente declaraci\u00f3n de accesibilidad<\/strong><\/p>\n\n\n\n<p>La presente declaraci\u00f3n fue preparada el 5 de mayo de 2023.<br>El m\u00e9todo empleado para preparar la declaraci\u00f3n ha sido una autoevaluaci\u00f3n llevada a cabo por <strong>Comercial Quilangu S.L<\/strong>.<br>\u00daltima revisi\u00f3n de la declaraci\u00f3n: 5 de mayo de 2023.<\/p>\n\n\n\n<p><strong>Observaciones y datos de contacto<\/strong><\/p>\n\n\n\n<p>Puede realizar comunicaciones sobre requisitos de accesibilidad (art\u00edculo 10.2.a) del RD 1112\/2018) como, por ejemplo:<\/p>\n\n\n\n<ul class=\"wp-block-list\">\n<li>Informar sobre cualquier posible&nbsp;<strong>incumplimiento<\/strong>&nbsp;por parte de este sitio web<\/li>\n\n\n\n<li>Transmitir otras&nbsp;<strong>dificultades de acceso<\/strong>&nbsp;al contenido.<\/li>\n\n\n\n<li>Formular cualquier otra&nbsp;<strong>consulta o sugerencia<\/strong>&nbsp;de mejora relativa a la accesibilidad del sitio web.<\/li>\n<\/ul>\n\n\n\n<p>A trav\u00e9s del\u00a0formulario de contacto de este sitio web:\u00a0https:\/\/dominio.com\/contacto\/<\/p>\n\n\n\n<p>Puede presentar:<\/p>\n\n\n\n<ul class=\"wp-block-list\">\n<li>una&nbsp;<strong>Queja<\/strong>&nbsp;relativa al cumplimiento de los requisitos del RD 1112\/2018 o<\/li>\n\n\n\n<li>una\u00a0<strong>Solicitud de Informaci\u00f3n accesible<\/strong>\u00a0relativa a:\n<ul class=\"wp-block-list\">\n<li><strong>contenidos<\/strong>&nbsp;que est\u00e1n&nbsp;<strong>excluidos&nbsp;<\/strong>del<strong>&nbsp;\u00e1mbito de aplicaci\u00f3n<\/strong>&nbsp;del RD 1112\/2018 seg\u00fan lo establecido por el art\u00edculo 3, apartado 4.<\/li>\n\n\n\n<li><strong>contenidos<\/strong>&nbsp;que est\u00e1n&nbsp;<strong>exentos<\/strong>&nbsp;del&nbsp;<strong>cumplimiento<\/strong>&nbsp;de los requisitos de accesibilidad por imponer una&nbsp;<strong>carga desproporcionada<\/strong>.<\/li>\n<\/ul>\n<\/li>\n<\/ul>\n\n\n\n<p>En la Solicitud de informaci\u00f3n accesible, se debe concretar, con toda claridad, los hechos, razones y petici\u00f3n que permitan constatar que se trata de una solicitud razonable y leg\u00edtima.<\/p>\n\n\n\n<p>Las quejas y reclamaciones sobre informaci\u00f3n accesible se realizar\u00e1n a trav\u00e9s de la sede electr\u00f3nica (<a href=\"https:\/\/sede.red.gob.es\/procedimientos\/quejas-y-sugerencias\">https:\/\/sede.red.gob.es\/procedimientos\/quejas-y-sugerencias<\/a>), y ser\u00e1n recibidas y tratadas por el \u00e1rea de Sistemas dela Informaci\u00f3n de Red.es.<\/p>\n","protected":false},"excerpt":{"rendered":"<p>Declaraci\u00f3n de accesibilidad Tecnigras Extracciones S.L se ha comprometido a hacer accesible su sitio web, de conformidad con el Real Decreto 1112\/2018, de 7 de septiembre, sobre accesibilidad de los sitios web y aplicaciones para dispositivos m\u00f3viles del sector p\u00fablico.La presente declaraci\u00f3n de accesibilidad se aplica a el sitio web https:\/\/dominio.com Situaci\u00f3n de cumplimiento Este &hellip;<\/p>\n<p class=\"read-more\"> <a class=\"\" href=\"https:\/\/tecnigras.com\/index.php\/declaracion-de-accesibilidad\/\"> <span class=\"screen-reader-text\">Declaraci\u00f3n de Accesibilidad<\/span> Leer m\u00e1s &raquo;<\/a><\/p>\n","protected":false},"author":2,"featured_media":0,"parent":0,"menu_order":0,"comment_status":"closed","ping_status":"closed","template":"","meta":{"site-sidebar-layout":"default","site-content-layout":"default","ast-global-header-display":"","ast-main-header-display":"","ast-hfb-above-header-display":"","ast-hfb-below-header-display":"","ast-hfb-mobile-header-display":"","site-post-title":"","ast-breadcrumbs-content":"","ast-featured-img":"","footer-sml-layout":"","theme-transparent-header-meta":"","adv-header-id-meta":"","stick-header-meta":"","header-above-stick-meta":"","header-main-stick-meta":"","header-below-stick-meta":"","footnotes":""},"class_list":["post-5031","page","type-page","status-publish","hentry"],"yoast_head":"<!-- This site is optimized with the Yoast SEO plugin v27.4 - https:\/\/yoast.com\/product\/yoast-seo-wordpress\/ -->\n<title>Declaraci\u00f3n de Accesibilidad - Tecnigras<\/title>\n<meta name=\"robots\" content=\"index, follow, max-snippet:-1, max-image-preview:large, max-video-preview:-1\" \/>\n<link rel=\"canonical\" href=\"https:\/\/tecnigras.com\/index.php\/declaracion-de-accesibilidad\/\" \/>\n<meta property=\"og:locale\" content=\"es_ES\" \/>\n<meta property=\"og:type\" content=\"article\" \/>\n<meta property=\"og:title\" content=\"Declaraci\u00f3n de Accesibilidad - Tecnigras\" \/>\n<meta property=\"og:description\" content=\"Declaraci\u00f3n de accesibilidad Tecnigras Extracciones S.L se ha comprometido a hacer accesible su sitio web, de conformidad con el Real Decreto 1112\/2018, de 7 de septiembre, sobre accesibilidad de los sitios web y aplicaciones para dispositivos m\u00f3viles del sector p\u00fablico.La presente declaraci\u00f3n de accesibilidad se aplica a el sitio web https:\/\/dominio.com Situaci\u00f3n de cumplimiento Este &hellip; Declaraci\u00f3n de Accesibilidad Leer m\u00e1s &raquo;\" \/>\n<meta property=\"og:url\" content=\"https:\/\/tecnigras.com\/index.php\/declaracion-de-accesibilidad\/\" \/>\n<meta property=\"og:site_name\" content=\"Tecnigras\" \/>\n<meta property=\"article:modified_time\" content=\"2023-06-01T16:30:30+00:00\" \/>\n<meta name=\"twitter:card\" content=\"summary_large_image\" \/>\n<meta name=\"twitter:label1\" content=\"Tiempo de lectura\" \/>\n\t<meta name=\"twitter:data1\" content=\"5 minutos\" \/>\n<script type=\"application\/ld+json\" class=\"yoast-schema-graph\">{\"@context\":\"https:\\\/\\\/schema.org\",\"@graph\":[{\"@type\":\"WebPage\",\"@id\":\"https:\\\/\\\/tecnigras.com\\\/index.php\\\/declaracion-de-accesibilidad\\\/\",\"url\":\"https:\\\/\\\/tecnigras.com\\\/index.php\\\/declaracion-de-accesibilidad\\\/\",\"name\":\"Declaraci\u00f3n de Accesibilidad - Tecnigras\",\"isPartOf\":{\"@id\":\"https:\\\/\\\/tecnigras.com\\\/#website\"},\"datePublished\":\"2023-06-01T16:26:48+00:00\",\"dateModified\":\"2023-06-01T16:30:30+00:00\",\"breadcrumb\":{\"@id\":\"https:\\\/\\\/tecnigras.com\\\/index.php\\\/declaracion-de-accesibilidad\\\/#breadcrumb\"},\"inLanguage\":\"es\",\"potentialAction\":[{\"@type\":\"ReadAction\",\"target\":[\"https:\\\/\\\/tecnigras.com\\\/index.php\\\/declaracion-de-accesibilidad\\\/\"]}]},{\"@type\":\"BreadcrumbList\",\"@id\":\"https:\\\/\\\/tecnigras.com\\\/index.php\\\/declaracion-de-accesibilidad\\\/#breadcrumb\",\"itemListElement\":[{\"@type\":\"ListItem\",\"position\":1,\"name\":\"Portada\",\"item\":\"https:\\\/\\\/tecnigras.com\\\/\"},{\"@type\":\"ListItem\",\"position\":2,\"name\":\"Declaraci\u00f3n de Accesibilidad\"}]},{\"@type\":\"WebSite\",\"@id\":\"https:\\\/\\\/tecnigras.com\\\/#website\",\"url\":\"https:\\\/\\\/tecnigras.com\\\/\",\"name\":\"Tecnigras\",\"description\":\"Campanas industriales para extracci\u00f3n de humos En Madrid\",\"publisher\":{\"@id\":\"https:\\\/\\\/tecnigras.com\\\/#organization\"},\"potentialAction\":[{\"@type\":\"SearchAction\",\"target\":{\"@type\":\"EntryPoint\",\"urlTemplate\":\"https:\\\/\\\/tecnigras.com\\\/?s={search_term_string}\"},\"query-input\":{\"@type\":\"PropertyValueSpecification\",\"valueRequired\":true,\"valueName\":\"search_term_string\"}}],\"inLanguage\":\"es\"},{\"@type\":\"Organization\",\"@id\":\"https:\\\/\\\/tecnigras.com\\\/#organization\",\"name\":\"Tecnigrass\",\"url\":\"https:\\\/\\\/tecnigras.com\\\/\",\"logo\":{\"@type\":\"ImageObject\",\"inLanguage\":\"es\",\"@id\":\"https:\\\/\\\/tecnigras.com\\\/#\\\/schema\\\/logo\\\/image\\\/\",\"url\":\"https:\\\/\\\/tecnigras.com\\\/wp-content\\\/uploads\\\/2019\\\/12\\\/TECNIGRAS-EXTRACCIONES-removebg-preview.png\",\"contentUrl\":\"https:\\\/\\\/tecnigras.com\\\/wp-content\\\/uploads\\\/2019\\\/12\\\/TECNIGRAS-EXTRACCIONES-removebg-preview.png\",\"width\":635,\"height\":393,\"caption\":\"Tecnigrass\"},\"image\":{\"@id\":\"https:\\\/\\\/tecnigras.com\\\/#\\\/schema\\\/logo\\\/image\\\/\"}}]}<\/script>\n<!-- \/ Yoast SEO plugin. -->","yoast_head_json":{"title":"Declaraci\u00f3n de Accesibilidad - Tecnigras","robots":{"index":"index","follow":"follow","max-snippet":"max-snippet:-1","max-image-preview":"max-image-preview:large","max-video-preview":"max-video-preview:-1"},"canonical":"https:\/\/tecnigras.com\/index.php\/declaracion-de-accesibilidad\/","og_locale":"es_ES","og_type":"article","og_title":"Declaraci\u00f3n de Accesibilidad - Tecnigras","og_description":"Declaraci\u00f3n de accesibilidad Tecnigras Extracciones S.L se ha comprometido a hacer accesible su sitio web, de conformidad con el Real Decreto 1112\/2018, de 7 de septiembre, sobre accesibilidad de los sitios web y aplicaciones para dispositivos m\u00f3viles del sector p\u00fablico.La presente declaraci\u00f3n de accesibilidad se aplica a el sitio web https:\/\/dominio.com Situaci\u00f3n de cumplimiento Este &hellip; Declaraci\u00f3n de Accesibilidad Leer m\u00e1s &raquo;","og_url":"https:\/\/tecnigras.com\/index.php\/declaracion-de-accesibilidad\/","og_site_name":"Tecnigras","article_modified_time":"2023-06-01T16:30:30+00:00","twitter_card":"summary_large_image","twitter_misc":{"Tiempo de lectura":"5 minutos"},"schema":{"@context":"https:\/\/schema.org","@graph":[{"@type":"WebPage","@id":"https:\/\/tecnigras.com\/index.php\/declaracion-de-accesibilidad\/","url":"https:\/\/tecnigras.com\/index.php\/declaracion-de-accesibilidad\/","name":"Declaraci\u00f3n de Accesibilidad - Tecnigras","isPartOf":{"@id":"https:\/\/tecnigras.com\/#website"},"datePublished":"2023-06-01T16:26:48+00:00","dateModified":"2023-06-01T16:30:30+00:00","breadcrumb":{"@id":"https:\/\/tecnigras.com\/index.php\/declaracion-de-accesibilidad\/#breadcrumb"},"inLanguage":"es","potentialAction":[{"@type":"ReadAction","target":["https:\/\/tecnigras.com\/index.php\/declaracion-de-accesibilidad\/"]}]},{"@type":"BreadcrumbList","@id":"https:\/\/tecnigras.com\/index.php\/declaracion-de-accesibilidad\/#breadcrumb","itemListElement":[{"@type":"ListItem","position":1,"name":"Portada","item":"https:\/\/tecnigras.com\/"},{"@type":"ListItem","position":2,"name":"Declaraci\u00f3n de Accesibilidad"}]},{"@type":"WebSite","@id":"https:\/\/tecnigras.com\/#website","url":"https:\/\/tecnigras.com\/","name":"Tecnigras","description":"Campanas industriales para extracci\u00f3n de humos En Madrid","publisher":{"@id":"https:\/\/tecnigras.com\/#organization"},"potentialAction":[{"@type":"SearchAction","target":{"@type":"EntryPoint","urlTemplate":"https:\/\/tecnigras.com\/?s={search_term_string}"},"query-input":{"@type":"PropertyValueSpecification","valueRequired":true,"valueName":"search_term_string"}}],"inLanguage":"es"},{"@type":"Organization","@id":"https:\/\/tecnigras.com\/#organization","name":"Tecnigrass","url":"https:\/\/tecnigras.com\/","logo":{"@type":"ImageObject","inLanguage":"es","@id":"https:\/\/tecnigras.com\/#\/schema\/logo\/image\/","url":"https:\/\/tecnigras.com\/wp-content\/uploads\/2019\/12\/TECNIGRAS-EXTRACCIONES-removebg-preview.png","contentUrl":"https:\/\/tecnigras.com\/wp-content\/uploads\/2019\/12\/TECNIGRAS-EXTRACCIONES-removebg-preview.png","width":635,"height":393,"caption":"Tecnigrass"},"image":{"@id":"https:\/\/tecnigras.com\/#\/schema\/logo\/image\/"}}]}},"_links":{"self":[{"href":"https:\/\/tecnigras.com\/index.php\/wp-json\/wp\/v2\/pages\/5031","targetHints":{"allow":["GET"]}}],"collection":[{"href":"https:\/\/tecnigras.com\/index.php\/wp-json\/wp\/v2\/pages"}],"about":[{"href":"https:\/\/tecnigras.com\/index.php\/wp-json\/wp\/v2\/types\/page"}],"author":[{"embeddable":true,"href":"https:\/\/tecnigras.com\/index.php\/wp-json\/wp\/v2\/users\/2"}],"replies":[{"embeddable":true,"href":"https:\/\/tecnigras.com\/index.php\/wp-json\/wp\/v2\/comments?post=5031"}],"version-history":[{"count":2,"href":"https:\/\/tecnigras.com\/index.php\/wp-json\/wp\/v2\/pages\/5031\/revisions"}],"predecessor-version":[{"id":5035,"href":"https:\/\/tecnigras.com\/index.php\/wp-json\/wp\/v2\/pages\/5031\/revisions\/5035"}],"wp:attachment":[{"href":"https:\/\/tecnigras.com\/index.php\/wp-json\/wp\/v2\/media?parent=5031"}],"curies":[{"name":"wp","href":"https:\/\/api.w.org\/{rel}","templated":true}]}}