{"id":5070,"date":"2023-06-12T09:27:37","date_gmt":"2023-06-12T09:27:37","guid":{"rendered":"https:\/\/yacasiestalista.com\/tecnigras\/?page_id=5070"},"modified":"2024-04-02T10:56:16","modified_gmt":"2024-04-02T10:56:16","slug":"mantenimiento","status":"publish","type":"page","link":"https:\/\/tecnigras.com\/index.php\/mantenimiento\/","title":{"rendered":"Mantenimiento"},"content":{"rendered":"\t\t<div data-elementor-type=\"wp-page\" data-elementor-id=\"5070\" class=\"elementor elementor-5070\">\n\t\t\t\t\t\t<section class=\"elementor-section elementor-top-section elementor-element elementor-element-8fea671 elementor-section-content-middle elementor-section-height-full foto-fondo elementor-section-boxed elementor-section-height-default elementor-section-items-middle\" data-id=\"8fea671\" data-element_type=\"section\" data-e-type=\"section\" data-settings=\"{&quot;background_background&quot;:&quot;classic&quot;}\">\n\t\t\t\t\t\t\t<div class=\"elementor-background-overlay\"><\/div>\n\t\t\t\t\t\t\t<div class=\"elementor-container elementor-column-gap-no\">\n\t\t\t\t\t<div class=\"elementor-column elementor-col-50 elementor-top-column elementor-element elementor-element-61951e6\" data-id=\"61951e6\" data-element_type=\"column\" data-e-type=\"column\">\n\t\t\t<div class=\"elementor-widget-wrap elementor-element-populated\">\n\t\t\t\t\t\t<div class=\"elementor-element elementor-element-a1d4fb1 titulos-tablet elementor-widget elementor-widget-heading\" data-id=\"a1d4fb1\" data-element_type=\"widget\" data-e-type=\"widget\" data-widget_type=\"heading.default\">\n\t\t\t\t<div class=\"elementor-widget-container\">\n\t\t\t\t\t<h2 class=\"elementor-heading-title elementor-size-default\">MANTENIMIENTO<\/h2>\t\t\t\t<\/div>\n\t\t\t\t<\/div>\n\t\t\t\t\t<\/div>\n\t\t<\/div>\n\t\t\t\t<div class=\"elementor-column elementor-col-50 elementor-top-column elementor-element elementor-element-715e22a\" data-id=\"715e22a\" data-element_type=\"column\" data-e-type=\"column\">\n\t\t\t<div class=\"elementor-widget-wrap\">\n\t\t\t\t\t\t\t<\/div>\n\t\t<\/div>\n\t\t\t\t\t<\/div>\n\t\t<\/section>\n\t\t\t\t<section class=\"elementor-section elementor-top-section elementor-element elementor-element-0854063 elementor-section-boxed elementor-section-height-default elementor-section-height-default\" data-id=\"0854063\" data-element_type=\"section\" data-e-type=\"section\" data-settings=\"{&quot;background_background&quot;:&quot;classic&quot;}\">\n\t\t\t\t\t\t<div class=\"elementor-container elementor-column-gap-default\">\n\t\t\t\t\t<div class=\"elementor-column elementor-col-100 elementor-top-column elementor-element elementor-element-73f1afe\" data-id=\"73f1afe\" data-element_type=\"column\" data-e-type=\"column\">\n\t\t\t<div class=\"elementor-widget-wrap elementor-element-populated\">\n\t\t\t\t\t\t<div class=\"elementor-element elementor-element-23b1f80 elementor-widget elementor-widget-heading\" data-id=\"23b1f80\" data-element_type=\"widget\" data-e-type=\"widget\" data-widget_type=\"heading.default\">\n\t\t\t\t<div class=\"elementor-widget-container\">\n\t\t\t\t\t<h3 class=\"elementor-heading-title elementor-size-default\">SERVICIO DE MANTENIMIENTO DE CAJAS DE VENTILACI\u00d3N\n<\/h3>\t\t\t\t<\/div>\n\t\t\t\t<\/div>\n\t\t\t\t<div class=\"elementor-element elementor-element-224346b elementor-widget elementor-widget-text-editor\" data-id=\"224346b\" data-element_type=\"widget\" data-e-type=\"widget\" data-widget_type=\"text-editor.default\">\n\t\t\t\t<div class=\"elementor-widget-container\">\n\t\t\t\t\t\t\t\t\t<div class=\"et_pb_module et_pb_text et_pb_text_1  et_pb_text_align_left et_pb_bg_layout_light\"><div class=\"et_pb_text_inner\"><p>Disponemos de un departamento especializado en el mantenimiento de las cajas de ventilaci\u00f3n de nuestras propias instalaciones, acorde a la exigencia de limpieza de extractores una vez al a\u00f1o, seg\u00fan la normativa vigente.<br \/>Ofrecemos 2 tipos de p\u00f3liza de mantenimiento. MANTENIMIENTO INTEGRAL o SOLO LIMPIEZA<\/p><\/div><\/div><div class=\"et_pb_module et_pb_accordion et_pb_accordion_0 et_had_animation\" data-animation-style=\"flip\" data-animation-repeat=\"\" data-animation-duration=\"1000ms\" data-animation-delay=\"0ms\" data-animation-intensity=\"50%\" data-animation-starting-opacity=\"0%\" data-animation-speed-curve=\"ease-in-out\"><div class=\"et_pb_toggle et_pb_module et_pb_accordion_item et_pb_accordion_item_0 et_pb_toggle_close\">\u00a0<\/div><\/div>\t\t\t\t\t\t\t\t<\/div>\n\t\t\t\t<\/div>\n\t\t\t\t\t<\/div>\n\t\t<\/div>\n\t\t\t\t\t<\/div>\n\t\t<\/section>\n\t\t\t\t<section class=\"elementor-section elementor-top-section elementor-element elementor-element-f5fae45 elementor-section-full_width elementor-section-height-default elementor-section-height-default\" data-id=\"f5fae45\" data-element_type=\"section\" data-e-type=\"section\" data-settings=\"{&quot;background_background&quot;:&quot;classic&quot;}\">\n\t\t\t\t\t\t<div class=\"elementor-container elementor-column-gap-wider\">\n\t\t\t\t\t<div class=\"elementor-column elementor-col-50 elementor-top-column elementor-element elementor-element-5dc7964\" data-id=\"5dc7964\" data-element_type=\"column\" data-e-type=\"column\" data-settings=\"{&quot;background_background&quot;:&quot;classic&quot;}\">\n\t\t\t<div class=\"elementor-widget-wrap elementor-element-populated\">\n\t\t\t\t\t<div class=\"elementor-background-overlay\"><\/div>\n\t\t\t\t\t\t<div class=\"elementor-element elementor-element-93dad87 elementor-widget elementor-widget-heading\" data-id=\"93dad87\" data-element_type=\"widget\" data-e-type=\"widget\" data-widget_type=\"heading.default\">\n\t\t\t\t<div class=\"elementor-widget-container\">\n\t\t\t\t\t<h3 class=\"elementor-heading-title elementor-size-default\">MANTENIMIENTO INTEGRAL<\/h3>\t\t\t\t<\/div>\n\t\t\t\t<\/div>\n\t\t\t\t<div class=\"elementor-element elementor-element-63d9476 elementor-widget elementor-widget-text-editor\" data-id=\"63d9476\" data-element_type=\"widget\" data-e-type=\"widget\" data-widget_type=\"text-editor.default\">\n\t\t\t\t<div class=\"elementor-widget-container\">\n\t\t\t\t\t\t\t\t\t<p><strong>ESTA POLIZA INCLUYE<\/strong>:<\/p><ul><li>Renovaci\u00f3n de turbina cada 12 meses.<\/li><li>Turbina nueva cada 24 meses.<br \/>Cambio de correas nuevas cada 6 meses.<\/li><li>Cambio de junta antivibratoria si es necesario.<\/li><li>Mano de obra por desmontaje y montaje en los cambios de turbinas y correas.<\/li><li>Revisi\u00f3n semestral de la instalaci\u00f3n completa.<\/li><li>Desplazamiento del personal y transporte.<\/li><li>Limpieza de la caja de ventilaci\u00f3n cada 12 meses.<\/li><li>Limpieza de la bandeja recoge grasa.<\/li><li>Mano de obra de cualquier aver\u00eda que se produzca en el a\u00f1o.<\/li><li>Garant\u00eda de por vida, de cualquier componente de la caja de ventilaci\u00f3n, incluyendo el motor siempre que tenga instalado un guardamotor.<\/li><\/ul><p><strong>EXCLUYE:<\/strong><\/p><ul><li>Todas aquellas aver\u00edas producidas por incendios, inundaciones, fen\u00f3menos meteorol\u00f3gicos y\/o manipulaci\u00f3n por terceros.<\/li><li>Limpieza de filtros, limpieza de campana, limpieza de tuber\u00eda.<\/li><\/ul>\t\t\t\t\t\t\t\t<\/div>\n\t\t\t\t<\/div>\n\t\t\t\t\t<\/div>\n\t\t<\/div>\n\t\t\t\t<div class=\"elementor-column elementor-col-50 elementor-top-column elementor-element elementor-element-17bd80f\" data-id=\"17bd80f\" data-element_type=\"column\" data-e-type=\"column\" data-settings=\"{&quot;background_background&quot;:&quot;classic&quot;}\">\n\t\t\t<div class=\"elementor-widget-wrap elementor-element-populated\">\n\t\t\t\t\t<div class=\"elementor-background-overlay\"><\/div>\n\t\t\t\t\t\t<div class=\"elementor-element elementor-element-96cb84b elementor-widget elementor-widget-heading\" data-id=\"96cb84b\" data-element_type=\"widget\" data-e-type=\"widget\" data-widget_type=\"heading.default\">\n\t\t\t\t<div class=\"elementor-widget-container\">\n\t\t\t\t\t<h3 class=\"elementor-heading-title elementor-size-default\">SOLO LIMPIEZA<\/h3>\t\t\t\t<\/div>\n\t\t\t\t<\/div>\n\t\t\t\t<div class=\"elementor-element elementor-element-ed8facd elementor-widget elementor-widget-text-editor\" data-id=\"ed8facd\" data-element_type=\"widget\" data-e-type=\"widget\" data-widget_type=\"text-editor.default\">\n\t\t\t\t<div class=\"elementor-widget-container\">\n\t\t\t\t\t\t\t\t\t<p><strong>ESTA POLIZA INCLUYE:<\/strong><\/p><ul><li>Sustituci\u00f3n turbina recuperada cada 12.<\/li><li>Mano de obra por desmontaje y montaje.<\/li><li>Revisi\u00f3n anual de la instalaci\u00f3n.<\/li><li>Cambio de correas cada 12 meses.<\/li><li>Desplazamiento del personal y transporte.<\/li><li>Limpieza de la bandeja recoge grasa.<\/li><li>Limpieza de la caja de ventilaci\u00f3n cada 12 meses.<\/li><li>Cambio de junta antivibratoria cada 12 meses.<\/li><\/ul><p><strong>EXCLUYE:<\/strong><\/p><ul><li>Aver\u00edas y rotura\u00a0 de cualquier componente de la caja de ventilaci\u00f3n, as\u00ed como la mano de obra por sustituci\u00f3n de las piezas.<\/li><li>Todas aquellas aver\u00edas producidas por incendios, inundaciones, fen\u00f3menos meteorol\u00f3gicos y\/o manipulaci\u00f3n por terceros.<\/li><li>Limpieza de filtros, limpieza de campana, limpieza de tuber\u00eda.<\/li><\/ul>\t\t\t\t\t\t\t\t<\/div>\n\t\t\t\t<\/div>\n\t\t\t\t\t<\/div>\n\t\t<\/div>\n\t\t\t\t\t<\/div>\n\t\t<\/section>\n\t\t\t\t<section class=\"elementor-section elementor-top-section elementor-element elementor-element-3ed1a9c elementor-section-boxed elementor-section-height-default elementor-section-height-default\" data-id=\"3ed1a9c\" data-element_type=\"section\" data-e-type=\"section\" data-settings=\"{&quot;background_background&quot;:&quot;classic&quot;}\">\n\t\t\t\t\t\t<div class=\"elementor-container elementor-column-gap-default\">\n\t\t\t\t\t<div class=\"elementor-column elementor-col-100 elementor-top-column elementor-element elementor-element-01c4b72\" data-id=\"01c4b72\" data-element_type=\"column\" data-e-type=\"column\">\n\t\t\t<div class=\"elementor-widget-wrap elementor-element-populated\">\n\t\t\t\t\t\t<div class=\"elementor-element elementor-element-554a3cd elementor-widget elementor-widget-heading\" data-id=\"554a3cd\" data-element_type=\"widget\" data-e-type=\"widget\" data-widget_type=\"heading.default\">\n\t\t\t\t<div class=\"elementor-widget-container\">\n\t\t\t\t\t<h3 class=\"elementor-heading-title elementor-size-default\">EJEMPLO DE LIMPIEZA DE UNA TURBINA<\/h3>\t\t\t\t<\/div>\n\t\t\t\t<\/div>\n\t\t\t\t<section class=\"elementor-section elementor-inner-section elementor-element elementor-element-2dc73ca elementor-section-boxed elementor-section-height-default elementor-section-height-default\" data-id=\"2dc73ca\" data-element_type=\"section\" data-e-type=\"section\">\n\t\t\t\t\t\t<div class=\"elementor-container elementor-column-gap-default\">\n\t\t\t\t\t<div class=\"elementor-column elementor-col-50 elementor-inner-column elementor-element elementor-element-7137e7b\" data-id=\"7137e7b\" data-element_type=\"column\" data-e-type=\"column\">\n\t\t\t<div class=\"elementor-widget-wrap elementor-element-populated\">\n\t\t\t\t\t\t<div class=\"elementor-element elementor-element-0c8e7c8 elementor-widget elementor-widget-image\" data-id=\"0c8e7c8\" data-element_type=\"widget\" data-e-type=\"widget\" data-widget_type=\"image.default\">\n\t\t\t\t<div class=\"elementor-widget-container\">\n\t\t\t\t\t\t\t\t\t\t\t\t\t\t\t<img fetchpriority=\"high\" decoding=\"async\" width=\"240\" height=\"230\" src=\"https:\/\/tecnigras.com\/wp-content\/uploads\/2023\/07\/Captura-de-Pantalla-2023-07-25-a-las-13.54.38.png\" class=\"attachment-large size-large wp-image-5104\" alt=\"\" \/>\t\t\t\t\t\t\t\t\t\t\t\t\t\t\t<\/div>\n\t\t\t\t<\/div>\n\t\t\t\t\t<\/div>\n\t\t<\/div>\n\t\t\t\t<div class=\"elementor-column elementor-col-50 elementor-inner-column elementor-element elementor-element-e64ead7\" data-id=\"e64ead7\" data-element_type=\"column\" data-e-type=\"column\">\n\t\t\t<div class=\"elementor-widget-wrap elementor-element-populated\">\n\t\t\t\t\t\t<div class=\"elementor-element elementor-element-288f4ba elementor-widget elementor-widget-heading\" data-id=\"288f4ba\" data-element_type=\"widget\" data-e-type=\"widget\" data-widget_type=\"heading.default\">\n\t\t\t\t<div class=\"elementor-widget-container\">\n\t\t\t\t\t<h3 class=\"elementor-heading-title elementor-size-default\">ANTES<\/h3>\t\t\t\t<\/div>\n\t\t\t\t<\/div>\n\t\t\t\t<div class=\"elementor-element elementor-element-423a9a2 elementor-widget elementor-widget-text-editor\" data-id=\"423a9a2\" data-element_type=\"widget\" data-e-type=\"widget\" data-widget_type=\"text-editor.default\">\n\t\t\t\t<div class=\"elementor-widget-container\">\n\t\t\t\t\t\t\t\t\t<div class=\"et_pb_module et_pb_text et_pb_text_1 et_pb_text_align_left et_pb_bg_layout_light\"><div class=\"et_pb_text_inner\"><p>Las turbinas y los filtros son elementos dif\u00edciles de desengrasar pero su limpieza es muy importante, ya que la gras que retienen aminora en gran medida su eficacia. La acumulaci\u00f3n de grasa, adem\u00e1s, acelera el deterioro de las piezas de la campana y puede ser causa de graves aver\u00edas en su mecanismo<\/p><\/div><\/div>\t\t\t\t\t\t\t\t<\/div>\n\t\t\t\t<\/div>\n\t\t\t\t\t<\/div>\n\t\t<\/div>\n\t\t\t\t\t<\/div>\n\t\t<\/section>\n\t\t\t\t<section class=\"elementor-section elementor-inner-section elementor-element elementor-element-6cfaab0 elementor-section-boxed elementor-section-height-default elementor-section-height-default\" data-id=\"6cfaab0\" data-element_type=\"section\" data-e-type=\"section\">\n\t\t\t\t\t\t<div class=\"elementor-container elementor-column-gap-default\">\n\t\t\t\t\t<div class=\"elementor-column elementor-col-50 elementor-inner-column elementor-element elementor-element-578610f\" data-id=\"578610f\" data-element_type=\"column\" data-e-type=\"column\">\n\t\t\t<div class=\"elementor-widget-wrap elementor-element-populated\">\n\t\t\t\t\t\t<div class=\"elementor-element elementor-element-39aca60 elementor-widget elementor-widget-image\" data-id=\"39aca60\" data-element_type=\"widget\" data-e-type=\"widget\" data-widget_type=\"image.default\">\n\t\t\t\t<div class=\"elementor-widget-container\">\n\t\t\t\t\t\t\t\t\t\t\t\t\t\t\t<img decoding=\"async\" width=\"268\" height=\"256\" src=\"https:\/\/tecnigras.com\/wp-content\/uploads\/2023\/07\/Captura-de-Pantalla-2023-07-25-a-las-13.54.48.png\" class=\"attachment-large size-large wp-image-5105\" alt=\"\" \/>\t\t\t\t\t\t\t\t\t\t\t\t\t\t\t<\/div>\n\t\t\t\t<\/div>\n\t\t\t\t\t<\/div>\n\t\t<\/div>\n\t\t\t\t<div class=\"elementor-column elementor-col-50 elementor-inner-column elementor-element elementor-element-9ea9e5e\" data-id=\"9ea9e5e\" data-element_type=\"column\" data-e-type=\"column\">\n\t\t\t<div class=\"elementor-widget-wrap elementor-element-populated\">\n\t\t\t\t\t\t<div class=\"elementor-element elementor-element-4698c5a elementor-widget elementor-widget-heading\" data-id=\"4698c5a\" data-element_type=\"widget\" data-e-type=\"widget\" data-widget_type=\"heading.default\">\n\t\t\t\t<div class=\"elementor-widget-container\">\n\t\t\t\t\t<h3 class=\"elementor-heading-title elementor-size-default\">DESPU\u00c9S<\/h3>\t\t\t\t<\/div>\n\t\t\t\t<\/div>\n\t\t\t\t<div class=\"elementor-element elementor-element-c50018c elementor-widget elementor-widget-text-editor\" data-id=\"c50018c\" data-element_type=\"widget\" data-e-type=\"widget\" data-widget_type=\"text-editor.default\">\n\t\t\t\t<div class=\"elementor-widget-container\">\n\t\t\t\t\t\t\t\t\t<div class=\"et_pb_module et_pb_text et_pb_text_1 et_pb_text_align_left et_pb_bg_layout_light\"><div class=\"et_pb_text_inner\"><p>Un mantenimiento correcto aconseja desengrasar las turbinas cada seis meses. La periocidad de limpieza de los filtros depende del volumen de grasa generada pero, en cualquier caso, siempre debe realizarse antes de que se sature.<\/p><p>Cuando le toque limpieza, ac\u00e9rquese a TECNIGRAS. Haremos el trabajo m\u00e1s duro por usted.<\/p><\/div><\/div>\t\t\t\t\t\t\t\t<\/div>\n\t\t\t\t<\/div>\n\t\t\t\t\t<\/div>\n\t\t<\/div>\n\t\t\t\t\t<\/div>\n\t\t<\/section>\n\t\t\t\t\t<\/div>\n\t\t<\/div>\n\t\t\t\t\t<\/div>\n\t\t<\/section>\n\t\t\t\t<\/div>\n\t\t","protected":false},"excerpt":{"rendered":"<p>MANTENIMIENTO SERVICIO DE MANTENIMIENTO DE CAJAS DE VENTILACI\u00d3N Disponemos de un departamento especializado en el mantenimiento de las cajas de ventilaci\u00f3n de nuestras propias instalaciones, acorde a la exigencia de limpieza de extractores una vez al a\u00f1o, seg\u00fan la normativa vigente.Ofrecemos 2 tipos de p\u00f3liza de mantenimiento. MANTENIMIENTO INTEGRAL o SOLO LIMPIEZA \u00a0 MANTENIMIENTO INTEGRAL &hellip;<\/p>\n<p class=\"read-more\"> <a class=\"\" href=\"https:\/\/tecnigras.com\/index.php\/mantenimiento\/\"> <span class=\"screen-reader-text\">Mantenimiento<\/span> Leer m\u00e1s &raquo;<\/a><\/p>\n","protected":false},"author":2,"featured_media":0,"parent":0,"menu_order":0,"comment_status":"closed","ping_status":"closed","template":"","meta":{"site-sidebar-layout":"no-sidebar","site-content-layout":"page-builder","ast-global-header-display":"","ast-main-header-display":"","ast-hfb-above-header-display":"","ast-hfb-below-header-display":"","ast-hfb-mobile-header-display":"","site-post-title":"disabled","ast-breadcrumbs-content":"disabled","ast-featured-img":"disabled","footer-sml-layout":"","theme-transparent-header-meta":"enabled","adv-header-id-meta":"","stick-header-meta":"","header-above-stick-meta":"","header-main-stick-meta":"","header-below-stick-meta":"","footnotes":""},"class_list":["post-5070","page","type-page","status-publish","hentry"],"yoast_head":"<!-- This site is optimized with the Yoast SEO plugin v27.4 - https:\/\/yoast.com\/product\/yoast-seo-wordpress\/ -->\n<title>Mantenimiento en Vilanova i la Geltr\u00fa - Tecnigras<\/title>\n<meta name=\"robots\" content=\"noindex, follow\" \/>\n<meta property=\"og:locale\" content=\"es_ES\" \/>\n<meta property=\"og:type\" content=\"article\" \/>\n<meta property=\"og:title\" content=\"Mantenimiento en Vilanova i la Geltr\u00fa - Tecnigras\" \/>\n<meta property=\"og:description\" content=\"MANTENIMIENTO SERVICIO DE MANTENIMIENTO DE CAJAS DE VENTILACI\u00d3N Disponemos de un departamento especializado en el mantenimiento de las cajas de ventilaci\u00f3n de nuestras propias instalaciones, acorde a la exigencia de limpieza de extractores una vez al a\u00f1o, seg\u00fan la normativa vigente.Ofrecemos 2 tipos de p\u00f3liza de mantenimiento. MANTENIMIENTO INTEGRAL o SOLO LIMPIEZA \u00a0 MANTENIMIENTO INTEGRAL &hellip; Mantenimiento Leer m\u00e1s &raquo;\" \/>\n<meta property=\"og:url\" content=\"https:\/\/tecnigras.com\/index.php\/mantenimiento\/\" \/>\n<meta property=\"og:site_name\" content=\"Tecnigras\" \/>\n<meta property=\"article:modified_time\" content=\"2024-04-02T10:56:16+00:00\" \/>\n<meta property=\"og:image\" content=\"https:\/\/tecnigras.com\/wp-content\/uploads\/2023\/07\/Captura-de-Pantalla-2023-07-25-a-las-13.54.38.png\" \/>\n<meta name=\"twitter:card\" content=\"summary_large_image\" \/>\n<meta name=\"twitter:label1\" content=\"Tiempo de lectura\" \/>\n\t<meta name=\"twitter:data1\" content=\"3 minutos\" \/>\n<script type=\"application\/ld+json\" class=\"yoast-schema-graph\">{\"@context\":\"https:\\\/\\\/schema.org\",\"@graph\":[{\"@type\":\"WebPage\",\"@id\":\"https:\\\/\\\/tecnigras.com\\\/index.php\\\/mantenimiento\\\/\",\"url\":\"https:\\\/\\\/tecnigras.com\\\/index.php\\\/mantenimiento\\\/\",\"name\":\"Mantenimiento en Vilanova i la Geltr\u00fa - Tecnigras\",\"isPartOf\":{\"@id\":\"https:\\\/\\\/tecnigras.com\\\/#website\"},\"primaryImageOfPage\":{\"@id\":\"https:\\\/\\\/tecnigras.com\\\/index.php\\\/mantenimiento\\\/#primaryimage\"},\"image\":{\"@id\":\"https:\\\/\\\/tecnigras.com\\\/index.php\\\/mantenimiento\\\/#primaryimage\"},\"thumbnailUrl\":\"https:\\\/\\\/tecnigras.com\\\/wp-content\\\/uploads\\\/2023\\\/07\\\/Captura-de-Pantalla-2023-07-25-a-las-13.54.38.png\",\"datePublished\":\"2023-06-12T09:27:37+00:00\",\"dateModified\":\"2024-04-02T10:56:16+00:00\",\"breadcrumb\":{\"@id\":\"https:\\\/\\\/tecnigras.com\\\/index.php\\\/mantenimiento\\\/#breadcrumb\"},\"inLanguage\":\"es\",\"potentialAction\":[{\"@type\":\"ReadAction\",\"target\":[\"https:\\\/\\\/tecnigras.com\\\/index.php\\\/mantenimiento\\\/\"]}]},{\"@type\":\"ImageObject\",\"inLanguage\":\"es\",\"@id\":\"https:\\\/\\\/tecnigras.com\\\/index.php\\\/mantenimiento\\\/#primaryimage\",\"url\":\"https:\\\/\\\/tecnigras.com\\\/wp-content\\\/uploads\\\/2023\\\/07\\\/Captura-de-Pantalla-2023-07-25-a-las-13.54.38.png\",\"contentUrl\":\"https:\\\/\\\/tecnigras.com\\\/wp-content\\\/uploads\\\/2023\\\/07\\\/Captura-de-Pantalla-2023-07-25-a-las-13.54.38.png\",\"width\":240,\"height\":230},{\"@type\":\"BreadcrumbList\",\"@id\":\"https:\\\/\\\/tecnigras.com\\\/index.php\\\/mantenimiento\\\/#breadcrumb\",\"itemListElement\":[{\"@type\":\"ListItem\",\"position\":1,\"name\":\"Portada\",\"item\":\"https:\\\/\\\/tecnigras.com\\\/\"},{\"@type\":\"ListItem\",\"position\":2,\"name\":\"Mantenimiento\"}]},{\"@type\":\"WebSite\",\"@id\":\"https:\\\/\\\/tecnigras.com\\\/#website\",\"url\":\"https:\\\/\\\/tecnigras.com\\\/\",\"name\":\"Tecnigras\",\"description\":\"Campanas industriales para extracci\u00f3n de humos En Madrid\",\"publisher\":{\"@id\":\"https:\\\/\\\/tecnigras.com\\\/#organization\"},\"potentialAction\":[{\"@type\":\"SearchAction\",\"target\":{\"@type\":\"EntryPoint\",\"urlTemplate\":\"https:\\\/\\\/tecnigras.com\\\/?s={search_term_string}\"},\"query-input\":{\"@type\":\"PropertyValueSpecification\",\"valueRequired\":true,\"valueName\":\"search_term_string\"}}],\"inLanguage\":\"es\"},{\"@type\":\"Organization\",\"@id\":\"https:\\\/\\\/tecnigras.com\\\/#organization\",\"name\":\"Tecnigrass\",\"url\":\"https:\\\/\\\/tecnigras.com\\\/\",\"logo\":{\"@type\":\"ImageObject\",\"inLanguage\":\"es\",\"@id\":\"https:\\\/\\\/tecnigras.com\\\/#\\\/schema\\\/logo\\\/image\\\/\",\"url\":\"https:\\\/\\\/tecnigras.com\\\/wp-content\\\/uploads\\\/2019\\\/12\\\/TECNIGRAS-EXTRACCIONES-removebg-preview.png\",\"contentUrl\":\"https:\\\/\\\/tecnigras.com\\\/wp-content\\\/uploads\\\/2019\\\/12\\\/TECNIGRAS-EXTRACCIONES-removebg-preview.png\",\"width\":635,\"height\":393,\"caption\":\"Tecnigrass\"},\"image\":{\"@id\":\"https:\\\/\\\/tecnigras.com\\\/#\\\/schema\\\/logo\\\/image\\\/\"}}]}<\/script>\n<!-- \/ Yoast SEO plugin. -->","yoast_head_json":{"title":"Mantenimiento en Vilanova i la Geltr\u00fa - Tecnigras","robots":{"index":"noindex","follow":"follow"},"og_locale":"es_ES","og_type":"article","og_title":"Mantenimiento en Vilanova i la Geltr\u00fa - Tecnigras","og_description":"MANTENIMIENTO SERVICIO DE MANTENIMIENTO DE CAJAS DE VENTILACI\u00d3N Disponemos de un departamento especializado en el mantenimiento de las cajas de ventilaci\u00f3n de nuestras propias instalaciones, acorde a la exigencia de limpieza de extractores una vez al a\u00f1o, seg\u00fan la normativa vigente.Ofrecemos 2 tipos de p\u00f3liza de mantenimiento. MANTENIMIENTO INTEGRAL o SOLO LIMPIEZA \u00a0 MANTENIMIENTO INTEGRAL &hellip; Mantenimiento Leer m\u00e1s &raquo;","og_url":"https:\/\/tecnigras.com\/index.php\/mantenimiento\/","og_site_name":"Tecnigras","article_modified_time":"2024-04-02T10:56:16+00:00","og_image":[{"url":"https:\/\/tecnigras.com\/wp-content\/uploads\/2023\/07\/Captura-de-Pantalla-2023-07-25-a-las-13.54.38.png","type":"","width":"","height":""}],"twitter_card":"summary_large_image","twitter_misc":{"Tiempo de lectura":"3 minutos"},"schema":{"@context":"https:\/\/schema.org","@graph":[{"@type":"WebPage","@id":"https:\/\/tecnigras.com\/index.php\/mantenimiento\/","url":"https:\/\/tecnigras.com\/index.php\/mantenimiento\/","name":"Mantenimiento en Vilanova i la Geltr\u00fa - Tecnigras","isPartOf":{"@id":"https:\/\/tecnigras.com\/#website"},"primaryImageOfPage":{"@id":"https:\/\/tecnigras.com\/index.php\/mantenimiento\/#primaryimage"},"image":{"@id":"https:\/\/tecnigras.com\/index.php\/mantenimiento\/#primaryimage"},"thumbnailUrl":"https:\/\/tecnigras.com\/wp-content\/uploads\/2023\/07\/Captura-de-Pantalla-2023-07-25-a-las-13.54.38.png","datePublished":"2023-06-12T09:27:37+00:00","dateModified":"2024-04-02T10:56:16+00:00","breadcrumb":{"@id":"https:\/\/tecnigras.com\/index.php\/mantenimiento\/#breadcrumb"},"inLanguage":"es","potentialAction":[{"@type":"ReadAction","target":["https:\/\/tecnigras.com\/index.php\/mantenimiento\/"]}]},{"@type":"ImageObject","inLanguage":"es","@id":"https:\/\/tecnigras.com\/index.php\/mantenimiento\/#primaryimage","url":"https:\/\/tecnigras.com\/wp-content\/uploads\/2023\/07\/Captura-de-Pantalla-2023-07-25-a-las-13.54.38.png","contentUrl":"https:\/\/tecnigras.com\/wp-content\/uploads\/2023\/07\/Captura-de-Pantalla-2023-07-25-a-las-13.54.38.png","width":240,"height":230},{"@type":"BreadcrumbList","@id":"https:\/\/tecnigras.com\/index.php\/mantenimiento\/#breadcrumb","itemListElement":[{"@type":"ListItem","position":1,"name":"Portada","item":"https:\/\/tecnigras.com\/"},{"@type":"ListItem","position":2,"name":"Mantenimiento"}]},{"@type":"WebSite","@id":"https:\/\/tecnigras.com\/#website","url":"https:\/\/tecnigras.com\/","name":"Tecnigras","description":"Campanas industriales para extracci\u00f3n de humos En Madrid","publisher":{"@id":"https:\/\/tecnigras.com\/#organization"},"potentialAction":[{"@type":"SearchAction","target":{"@type":"EntryPoint","urlTemplate":"https:\/\/tecnigras.com\/?s={search_term_string}"},"query-input":{"@type":"PropertyValueSpecification","valueRequired":true,"valueName":"search_term_string"}}],"inLanguage":"es"},{"@type":"Organization","@id":"https:\/\/tecnigras.com\/#organization","name":"Tecnigrass","url":"https:\/\/tecnigras.com\/","logo":{"@type":"ImageObject","inLanguage":"es","@id":"https:\/\/tecnigras.com\/#\/schema\/logo\/image\/","url":"https:\/\/tecnigras.com\/wp-content\/uploads\/2019\/12\/TECNIGRAS-EXTRACCIONES-removebg-preview.png","contentUrl":"https:\/\/tecnigras.com\/wp-content\/uploads\/2019\/12\/TECNIGRAS-EXTRACCIONES-removebg-preview.png","width":635,"height":393,"caption":"Tecnigrass"},"image":{"@id":"https:\/\/tecnigras.com\/#\/schema\/logo\/image\/"}}]}},"_links":{"self":[{"href":"https:\/\/tecnigras.com\/index.php\/wp-json\/wp\/v2\/pages\/5070","targetHints":{"allow":["GET"]}}],"collection":[{"href":"https:\/\/tecnigras.com\/index.php\/wp-json\/wp\/v2\/pages"}],"about":[{"href":"https:\/\/tecnigras.com\/index.php\/wp-json\/wp\/v2\/types\/page"}],"author":[{"embeddable":true,"href":"https:\/\/tecnigras.com\/index.php\/wp-json\/wp\/v2\/users\/2"}],"replies":[{"embeddable":true,"href":"https:\/\/tecnigras.com\/index.php\/wp-json\/wp\/v2\/comments?post=5070"}],"version-history":[{"count":40,"href":"https:\/\/tecnigras.com\/index.php\/wp-json\/wp\/v2\/pages\/5070\/revisions"}],"predecessor-version":[{"id":5473,"href":"https:\/\/tecnigras.com\/index.php\/wp-json\/wp\/v2\/pages\/5070\/revisions\/5473"}],"wp:attachment":[{"href":"https:\/\/tecnigras.com\/index.php\/wp-json\/wp\/v2\/media?parent=5070"}],"curies":[{"name":"wp","href":"https:\/\/api.w.org\/{rel}","templated":true}]}}