{"id":7,"date":"2019-10-07T10:21:29","date_gmt":"2019-10-07T10:21:29","guid":{"rendered":"https:\/\/yacasiestalista.com\/jm\/index.php\/about\/"},"modified":"2023-09-28T15:14:26","modified_gmt":"2023-09-28T15:14:26","slug":"fabricante-de-campanas-extractoras-para-cocinas-industriales-en-madrid","status":"publish","type":"page","link":"https:\/\/tecnigras.com\/index.php\/fabricante-de-campanas-extractoras-para-cocinas-industriales-en-madrid\/","title":{"rendered":"Fabricante de campanas extractoras para cocinas industriales en Madrid"},"content":{"rendered":"\t\t<div data-elementor-type=\"wp-page\" data-elementor-id=\"7\" class=\"elementor elementor-7\">\n\t\t\t\t\t\t<section class=\"elementor-section elementor-top-section elementor-element elementor-element-8fea671 elementor-section-content-middle elementor-section-height-full foto-fondo elementor-section-boxed elementor-section-height-default elementor-section-items-middle\" data-id=\"8fea671\" data-element_type=\"section\" data-e-type=\"section\" data-settings=\"{&quot;background_background&quot;:&quot;classic&quot;}\">\n\t\t\t\t\t\t\t<div class=\"elementor-background-overlay\"><\/div>\n\t\t\t\t\t\t\t<div class=\"elementor-container elementor-column-gap-no\">\n\t\t\t\t\t<div class=\"elementor-column elementor-col-50 elementor-top-column elementor-element elementor-element-ab01fe1\" data-id=\"ab01fe1\" data-element_type=\"column\" data-e-type=\"column\">\n\t\t\t<div class=\"elementor-widget-wrap elementor-element-populated\">\n\t\t\t\t\t\t<div class=\"elementor-element elementor-element-efa776c elementor-widget elementor-widget-heading\" data-id=\"efa776c\" data-element_type=\"widget\" data-e-type=\"widget\" data-widget_type=\"heading.default\">\n\t\t\t\t<div class=\"elementor-widget-container\">\n\t\t\t\t\t<h1 class=\"elementor-heading-title elementor-size-default\">Fabricante de campanas extractoras <br \/>para cocinas industriales en Madrid<\/h1>\t\t\t\t<\/div>\n\t\t\t\t<\/div>\n\t\t\t\t<div class=\"elementor-element elementor-element-fd70c82 titulos-tablet elementor-widget elementor-widget-heading\" data-id=\"fd70c82\" data-element_type=\"widget\" data-e-type=\"widget\" data-widget_type=\"heading.default\">\n\t\t\t\t<div class=\"elementor-widget-container\">\n\t\t\t\t\t<h2 class=\"elementor-heading-title elementor-size-default\">FABRICANTES <BR \/> ESPECIALIZADOS<\/h2>\t\t\t\t<\/div>\n\t\t\t\t<\/div>\n\t\t\t\t\t<\/div>\n\t\t<\/div>\n\t\t\t\t<div class=\"elementor-column elementor-col-50 elementor-top-column elementor-element elementor-element-be3823a\" data-id=\"be3823a\" data-element_type=\"column\" data-e-type=\"column\">\n\t\t\t<div class=\"elementor-widget-wrap\">\n\t\t\t\t\t\t\t<\/div>\n\t\t<\/div>\n\t\t\t\t\t<\/div>\n\t\t<\/section>\n\t\t\t\t<section class=\"elementor-section elementor-top-section elementor-element elementor-element-360fbea elementor-section-content-middle elementor-section-full_width elementor-section-height-default elementor-section-height-default\" data-id=\"360fbea\" data-element_type=\"section\" data-e-type=\"section\" data-settings=\"{&quot;background_background&quot;:&quot;classic&quot;}\">\n\t\t\t\t\t\t<div class=\"elementor-container elementor-column-gap-default\">\n\t\t\t\t\t<div class=\"elementor-column elementor-col-50 elementor-top-column elementor-element elementor-element-df823ee\" data-id=\"df823ee\" data-element_type=\"column\" data-e-type=\"column\" data-settings=\"{&quot;background_background&quot;:&quot;classic&quot;}\">\n\t\t\t<div class=\"elementor-widget-wrap elementor-element-populated\">\n\t\t\t\t\t<div class=\"elementor-background-overlay\"><\/div>\n\t\t\t\t\t\t<div class=\"elementor-element elementor-element-7662079 elementor-widget elementor-widget-heading\" data-id=\"7662079\" data-element_type=\"widget\" data-e-type=\"widget\" data-widget_type=\"heading.default\">\n\t\t\t\t<div class=\"elementor-widget-container\">\n\t\t\t\t\t<h3 class=\"elementor-heading-title elementor-size-default\">TODO TIPO DE CAMPANAS EXTRACTORAS EN MADRID<\/h3>\t\t\t\t<\/div>\n\t\t\t\t<\/div>\n\t\t\t\t<div class=\"elementor-element elementor-element-aa8a91d elementor-widget elementor-widget-text-editor\" data-id=\"aa8a91d\" data-element_type=\"widget\" data-e-type=\"widget\" data-widget_type=\"text-editor.default\">\n\t\t\t\t<div class=\"elementor-widget-container\">\n\t\t\t\t\t\t\t\t\t<p>Somos una empresa fabricante de campanas extractoras para cocinas industriales en Madrid.<\/p><p>Con m\u00e1s de 20 a\u00f1os de experiencia en el mercado, nos hemos consolidado como una de las mejores opciones para aquellos que buscan calidad y eficiencia en su cocina industrial.\u00a0<\/p><p>Nuestros productos est\u00e1n dise\u00f1ados con los m\u00e1s altos est\u00e1ndares de calidad y seguridad, garantizando una excelente ventilaci\u00f3n y extracci\u00f3n de humo y olores en su cocina.<\/p><p>Si buscas una campana extractora para su cocina industrial en Madrid, Tecnigras es la elecci\u00f3n perfecta.<\/p>\t\t\t\t\t\t\t\t<\/div>\n\t\t\t\t<\/div>\n\t\t\t\t\t<\/div>\n\t\t<\/div>\n\t\t\t\t<div class=\"elementor-column elementor-col-50 elementor-top-column elementor-element elementor-element-169f069\" data-id=\"169f069\" data-element_type=\"column\" data-e-type=\"column\" data-settings=\"{&quot;background_background&quot;:&quot;classic&quot;}\">\n\t\t\t<div class=\"elementor-widget-wrap elementor-element-populated\">\n\t\t\t\t\t\t<section class=\"elementor-section elementor-inner-section elementor-element elementor-element-568c303 elementor-section-boxed elementor-section-height-default elementor-section-height-default\" data-id=\"568c303\" data-element_type=\"section\" data-e-type=\"section\">\n\t\t\t\t\t\t<div class=\"elementor-container elementor-column-gap-default\">\n\t\t\t\t\t<div class=\"elementor-column elementor-col-100 elementor-inner-column elementor-element elementor-element-806d0b1\" data-id=\"806d0b1\" data-element_type=\"column\" data-e-type=\"column\">\n\t\t\t<div class=\"elementor-widget-wrap elementor-element-populated\">\n\t\t\t\t\t\t<div class=\"elementor-element elementor-element-fde9fdb elementor-widget elementor-widget-image\" data-id=\"fde9fdb\" data-element_type=\"widget\" data-e-type=\"widget\" data-widget_type=\"image.default\">\n\t\t\t\t<div class=\"elementor-widget-container\">\n\t\t\t\t\t\t\t\t\t\t\t\t\t\t\t<img fetchpriority=\"high\" decoding=\"async\" width=\"1024\" height=\"683\" src=\"https:\/\/tecnigras.com\/wp-content\/uploads\/2023\/03\/cerrar-sistema-ventilacion-1024x683.jpg\" class=\"attachment-large size-large wp-image-4392\" alt=\"Fabricante de campanas extractoras para cocinas industriales en Madrid\" srcset=\"https:\/\/tecnigras.com\/wp-content\/uploads\/2023\/03\/cerrar-sistema-ventilacion-1024x683.jpg 1024w, https:\/\/tecnigras.com\/wp-content\/uploads\/2023\/03\/cerrar-sistema-ventilacion-300x200.jpg 300w, https:\/\/tecnigras.com\/wp-content\/uploads\/2023\/03\/cerrar-sistema-ventilacion-768x512.jpg 768w, https:\/\/tecnigras.com\/wp-content\/uploads\/2023\/03\/cerrar-sistema-ventilacion.jpg 1500w\" sizes=\"(max-width: 1024px) 100vw, 1024px\" \/>\t\t\t\t\t\t\t\t\t\t\t\t\t\t\t<\/div>\n\t\t\t\t<\/div>\n\t\t\t\t\t<\/div>\n\t\t<\/div>\n\t\t\t\t\t<\/div>\n\t\t<\/section>\n\t\t\t\t\t<\/div>\n\t\t<\/div>\n\t\t\t\t\t<\/div>\n\t\t<\/section>\n\t\t\t\t<\/div>\n\t\t","protected":false},"excerpt":{"rendered":"<p>Fabricante de campanas extractoras para cocinas industriales en Madrid FABRICANTES ESPECIALIZADOS TODO TIPO DE CAMPANAS EXTRACTORAS EN MADRID Somos una empresa fabricante de campanas extractoras para cocinas industriales en Madrid. Con m\u00e1s de 20 a\u00f1os de experiencia en el mercado, nos hemos consolidado como una de las mejores opciones para aquellos que buscan calidad y &hellip;<\/p>\n<p class=\"read-more\"> <a class=\"\" href=\"https:\/\/tecnigras.com\/index.php\/fabricante-de-campanas-extractoras-para-cocinas-industriales-en-madrid\/\"> <span class=\"screen-reader-text\">Fabricante de campanas extractoras para cocinas industriales en Madrid<\/span> Leer m\u00e1s &raquo;<\/a><\/p>\n","protected":false},"author":2,"featured_media":0,"parent":0,"menu_order":0,"comment_status":"closed","ping_status":"closed","template":"","meta":{"site-sidebar-layout":"no-sidebar","site-content-layout":"page-builder","ast-global-header-display":"","ast-main-header-display":"","ast-hfb-above-header-display":"","ast-hfb-below-header-display":"","ast-hfb-mobile-header-display":"","site-post-title":"disabled","ast-breadcrumbs-content":"disabled","ast-featured-img":"disabled","footer-sml-layout":"","theme-transparent-header-meta":"enabled","adv-header-id-meta":"","stick-header-meta":"","header-above-stick-meta":"","header-main-stick-meta":"","header-below-stick-meta":"","footnotes":""},"class_list":["post-7","page","type-page","status-publish","hentry"],"yoast_head":"<!-- This site is optimized with the Yoast SEO plugin v27.4 - https:\/\/yoast.com\/product\/yoast-seo-wordpress\/ -->\n<title>Fabricante de campanas extractoras para cocinas industriales en Madrid - Tecnigras<\/title>\n<meta name=\"robots\" content=\"index, follow, max-snippet:-1, max-image-preview:large, max-video-preview:-1\" \/>\n<link rel=\"canonical\" href=\"https:\/\/tecnigras.com\/index.php\/fabricante-de-campanas-extractoras-para-cocinas-industriales-en-madrid\/\" \/>\n<meta property=\"og:locale\" content=\"es_ES\" \/>\n<meta property=\"og:type\" content=\"article\" \/>\n<meta property=\"og:title\" content=\"Fabricante de campanas extractoras para cocinas industriales en Madrid - Tecnigras\" \/>\n<meta property=\"og:description\" content=\"Fabricante de campanas extractoras para cocinas industriales en Madrid FABRICANTES ESPECIALIZADOS TODO TIPO DE CAMPANAS EXTRACTORAS EN MADRID Somos una empresa fabricante de campanas extractoras para cocinas industriales en Madrid. Con m\u00e1s de 20 a\u00f1os de experiencia en el mercado, nos hemos consolidado como una de las mejores opciones para aquellos que buscan calidad y &hellip; Fabricante de campanas extractoras para cocinas industriales en Madrid Leer m\u00e1s &raquo;\" \/>\n<meta property=\"og:url\" content=\"https:\/\/tecnigras.com\/index.php\/fabricante-de-campanas-extractoras-para-cocinas-industriales-en-madrid\/\" \/>\n<meta property=\"og:site_name\" content=\"Tecnigras\" \/>\n<meta property=\"article:modified_time\" content=\"2023-09-28T15:14:26+00:00\" \/>\n<meta property=\"og:image\" content=\"https:\/\/tecnigras.com\/wp-content\/uploads\/2023\/03\/cerrar-sistema-ventilacion-1024x683.jpg\" \/>\n<meta name=\"twitter:card\" content=\"summary_large_image\" \/>\n<meta name=\"twitter:label1\" content=\"Tiempo de lectura\" \/>\n\t<meta name=\"twitter:data1\" content=\"1 minuto\" \/>\n<script type=\"application\/ld+json\" class=\"yoast-schema-graph\">{\"@context\":\"https:\\\/\\\/schema.org\",\"@graph\":[{\"@type\":\"WebPage\",\"@id\":\"https:\\\/\\\/tecnigras.com\\\/index.php\\\/fabricante-de-campanas-extractoras-para-cocinas-industriales-en-madrid\\\/\",\"url\":\"https:\\\/\\\/tecnigras.com\\\/index.php\\\/fabricante-de-campanas-extractoras-para-cocinas-industriales-en-madrid\\\/\",\"name\":\"Fabricante de campanas extractoras para cocinas industriales en Madrid - Tecnigras\",\"isPartOf\":{\"@id\":\"https:\\\/\\\/tecnigras.com\\\/#website\"},\"primaryImageOfPage\":{\"@id\":\"https:\\\/\\\/tecnigras.com\\\/index.php\\\/fabricante-de-campanas-extractoras-para-cocinas-industriales-en-madrid\\\/#primaryimage\"},\"image\":{\"@id\":\"https:\\\/\\\/tecnigras.com\\\/index.php\\\/fabricante-de-campanas-extractoras-para-cocinas-industriales-en-madrid\\\/#primaryimage\"},\"thumbnailUrl\":\"https:\\\/\\\/tecnigras.com\\\/wp-content\\\/uploads\\\/2023\\\/03\\\/cerrar-sistema-ventilacion-1024x683.jpg\",\"datePublished\":\"2019-10-07T10:21:29+00:00\",\"dateModified\":\"2023-09-28T15:14:26+00:00\",\"breadcrumb\":{\"@id\":\"https:\\\/\\\/tecnigras.com\\\/index.php\\\/fabricante-de-campanas-extractoras-para-cocinas-industriales-en-madrid\\\/#breadcrumb\"},\"inLanguage\":\"es\",\"potentialAction\":[{\"@type\":\"ReadAction\",\"target\":[\"https:\\\/\\\/tecnigras.com\\\/index.php\\\/fabricante-de-campanas-extractoras-para-cocinas-industriales-en-madrid\\\/\"]}]},{\"@type\":\"ImageObject\",\"inLanguage\":\"es\",\"@id\":\"https:\\\/\\\/tecnigras.com\\\/index.php\\\/fabricante-de-campanas-extractoras-para-cocinas-industriales-en-madrid\\\/#primaryimage\",\"url\":\"https:\\\/\\\/tecnigras.com\\\/wp-content\\\/uploads\\\/2023\\\/03\\\/cerrar-sistema-ventilacion.jpg\",\"contentUrl\":\"https:\\\/\\\/tecnigras.com\\\/wp-content\\\/uploads\\\/2023\\\/03\\\/cerrar-sistema-ventilacion.jpg\",\"width\":1500,\"height\":1000,\"caption\":\"Fabricante de campanas extractoras para cocinas industriales en Madrid\"},{\"@type\":\"BreadcrumbList\",\"@id\":\"https:\\\/\\\/tecnigras.com\\\/index.php\\\/fabricante-de-campanas-extractoras-para-cocinas-industriales-en-madrid\\\/#breadcrumb\",\"itemListElement\":[{\"@type\":\"ListItem\",\"position\":1,\"name\":\"Portada\",\"item\":\"https:\\\/\\\/tecnigras.com\\\/\"},{\"@type\":\"ListItem\",\"position\":2,\"name\":\"Fabricante de campanas extractoras para cocinas industriales en Madrid\"}]},{\"@type\":\"WebSite\",\"@id\":\"https:\\\/\\\/tecnigras.com\\\/#website\",\"url\":\"https:\\\/\\\/tecnigras.com\\\/\",\"name\":\"Tecnigras\",\"description\":\"Campanas industriales para extracci\u00f3n de humos En Madrid\",\"publisher\":{\"@id\":\"https:\\\/\\\/tecnigras.com\\\/#organization\"},\"potentialAction\":[{\"@type\":\"SearchAction\",\"target\":{\"@type\":\"EntryPoint\",\"urlTemplate\":\"https:\\\/\\\/tecnigras.com\\\/?s={search_term_string}\"},\"query-input\":{\"@type\":\"PropertyValueSpecification\",\"valueRequired\":true,\"valueName\":\"search_term_string\"}}],\"inLanguage\":\"es\"},{\"@type\":\"Organization\",\"@id\":\"https:\\\/\\\/tecnigras.com\\\/#organization\",\"name\":\"Tecnigrass\",\"url\":\"https:\\\/\\\/tecnigras.com\\\/\",\"logo\":{\"@type\":\"ImageObject\",\"inLanguage\":\"es\",\"@id\":\"https:\\\/\\\/tecnigras.com\\\/#\\\/schema\\\/logo\\\/image\\\/\",\"url\":\"https:\\\/\\\/tecnigras.com\\\/wp-content\\\/uploads\\\/2019\\\/12\\\/TECNIGRAS-EXTRACCIONES-removebg-preview.png\",\"contentUrl\":\"https:\\\/\\\/tecnigras.com\\\/wp-content\\\/uploads\\\/2019\\\/12\\\/TECNIGRAS-EXTRACCIONES-removebg-preview.png\",\"width\":635,\"height\":393,\"caption\":\"Tecnigrass\"},\"image\":{\"@id\":\"https:\\\/\\\/tecnigras.com\\\/#\\\/schema\\\/logo\\\/image\\\/\"}}]}<\/script>\n<!-- \/ Yoast SEO plugin. -->","yoast_head_json":{"title":"Fabricante de campanas extractoras para cocinas industriales en Madrid - Tecnigras","robots":{"index":"index","follow":"follow","max-snippet":"max-snippet:-1","max-image-preview":"max-image-preview:large","max-video-preview":"max-video-preview:-1"},"canonical":"https:\/\/tecnigras.com\/index.php\/fabricante-de-campanas-extractoras-para-cocinas-industriales-en-madrid\/","og_locale":"es_ES","og_type":"article","og_title":"Fabricante de campanas extractoras para cocinas industriales en Madrid - Tecnigras","og_description":"Fabricante de campanas extractoras para cocinas industriales en Madrid FABRICANTES ESPECIALIZADOS TODO TIPO DE CAMPANAS EXTRACTORAS EN MADRID Somos una empresa fabricante de campanas extractoras para cocinas industriales en Madrid. Con m\u00e1s de 20 a\u00f1os de experiencia en el mercado, nos hemos consolidado como una de las mejores opciones para aquellos que buscan calidad y &hellip; Fabricante de campanas extractoras para cocinas industriales en Madrid Leer m\u00e1s &raquo;","og_url":"https:\/\/tecnigras.com\/index.php\/fabricante-de-campanas-extractoras-para-cocinas-industriales-en-madrid\/","og_site_name":"Tecnigras","article_modified_time":"2023-09-28T15:14:26+00:00","og_image":[{"url":"https:\/\/tecnigras.com\/wp-content\/uploads\/2023\/03\/cerrar-sistema-ventilacion-1024x683.jpg","type":"","width":"","height":""}],"twitter_card":"summary_large_image","twitter_misc":{"Tiempo de lectura":"1 minuto"},"schema":{"@context":"https:\/\/schema.org","@graph":[{"@type":"WebPage","@id":"https:\/\/tecnigras.com\/index.php\/fabricante-de-campanas-extractoras-para-cocinas-industriales-en-madrid\/","url":"https:\/\/tecnigras.com\/index.php\/fabricante-de-campanas-extractoras-para-cocinas-industriales-en-madrid\/","name":"Fabricante de campanas extractoras para cocinas industriales en Madrid - Tecnigras","isPartOf":{"@id":"https:\/\/tecnigras.com\/#website"},"primaryImageOfPage":{"@id":"https:\/\/tecnigras.com\/index.php\/fabricante-de-campanas-extractoras-para-cocinas-industriales-en-madrid\/#primaryimage"},"image":{"@id":"https:\/\/tecnigras.com\/index.php\/fabricante-de-campanas-extractoras-para-cocinas-industriales-en-madrid\/#primaryimage"},"thumbnailUrl":"https:\/\/tecnigras.com\/wp-content\/uploads\/2023\/03\/cerrar-sistema-ventilacion-1024x683.jpg","datePublished":"2019-10-07T10:21:29+00:00","dateModified":"2023-09-28T15:14:26+00:00","breadcrumb":{"@id":"https:\/\/tecnigras.com\/index.php\/fabricante-de-campanas-extractoras-para-cocinas-industriales-en-madrid\/#breadcrumb"},"inLanguage":"es","potentialAction":[{"@type":"ReadAction","target":["https:\/\/tecnigras.com\/index.php\/fabricante-de-campanas-extractoras-para-cocinas-industriales-en-madrid\/"]}]},{"@type":"ImageObject","inLanguage":"es","@id":"https:\/\/tecnigras.com\/index.php\/fabricante-de-campanas-extractoras-para-cocinas-industriales-en-madrid\/#primaryimage","url":"https:\/\/tecnigras.com\/wp-content\/uploads\/2023\/03\/cerrar-sistema-ventilacion.jpg","contentUrl":"https:\/\/tecnigras.com\/wp-content\/uploads\/2023\/03\/cerrar-sistema-ventilacion.jpg","width":1500,"height":1000,"caption":"Fabricante de campanas extractoras para cocinas industriales en Madrid"},{"@type":"BreadcrumbList","@id":"https:\/\/tecnigras.com\/index.php\/fabricante-de-campanas-extractoras-para-cocinas-industriales-en-madrid\/#breadcrumb","itemListElement":[{"@type":"ListItem","position":1,"name":"Portada","item":"https:\/\/tecnigras.com\/"},{"@type":"ListItem","position":2,"name":"Fabricante de campanas extractoras para cocinas industriales en Madrid"}]},{"@type":"WebSite","@id":"https:\/\/tecnigras.com\/#website","url":"https:\/\/tecnigras.com\/","name":"Tecnigras","description":"Campanas industriales para extracci\u00f3n de humos En Madrid","publisher":{"@id":"https:\/\/tecnigras.com\/#organization"},"potentialAction":[{"@type":"SearchAction","target":{"@type":"EntryPoint","urlTemplate":"https:\/\/tecnigras.com\/?s={search_term_string}"},"query-input":{"@type":"PropertyValueSpecification","valueRequired":true,"valueName":"search_term_string"}}],"inLanguage":"es"},{"@type":"Organization","@id":"https:\/\/tecnigras.com\/#organization","name":"Tecnigrass","url":"https:\/\/tecnigras.com\/","logo":{"@type":"ImageObject","inLanguage":"es","@id":"https:\/\/tecnigras.com\/#\/schema\/logo\/image\/","url":"https:\/\/tecnigras.com\/wp-content\/uploads\/2019\/12\/TECNIGRAS-EXTRACCIONES-removebg-preview.png","contentUrl":"https:\/\/tecnigras.com\/wp-content\/uploads\/2019\/12\/TECNIGRAS-EXTRACCIONES-removebg-preview.png","width":635,"height":393,"caption":"Tecnigrass"},"image":{"@id":"https:\/\/tecnigras.com\/#\/schema\/logo\/image\/"}}]}},"_links":{"self":[{"href":"https:\/\/tecnigras.com\/index.php\/wp-json\/wp\/v2\/pages\/7","targetHints":{"allow":["GET"]}}],"collection":[{"href":"https:\/\/tecnigras.com\/index.php\/wp-json\/wp\/v2\/pages"}],"about":[{"href":"https:\/\/tecnigras.com\/index.php\/wp-json\/wp\/v2\/types\/page"}],"author":[{"embeddable":true,"href":"https:\/\/tecnigras.com\/index.php\/wp-json\/wp\/v2\/users\/2"}],"replies":[{"embeddable":true,"href":"https:\/\/tecnigras.com\/index.php\/wp-json\/wp\/v2\/comments?post=7"}],"version-history":[{"count":587,"href":"https:\/\/tecnigras.com\/index.php\/wp-json\/wp\/v2\/pages\/7\/revisions"}],"predecessor-version":[{"id":5354,"href":"https:\/\/tecnigras.com\/index.php\/wp-json\/wp\/v2\/pages\/7\/revisions\/5354"}],"wp:attachment":[{"href":"https:\/\/tecnigras.com\/index.php\/wp-json\/wp\/v2\/media?parent=7"}],"curies":[{"name":"wp","href":"https:\/\/api.w.org\/{rel}","templated":true}]}}